{"id":406,"date":"2022-05-16T22:12:10","date_gmt":"2022-05-16T20:12:10","guid":{"rendered":"https:\/\/persmaskin.se\/?page_id=406"},"modified":"2022-09-29T21:49:41","modified_gmt":"2022-09-29T19:49:41","slug":"maskiner","status":"publish","type":"page","link":"https:\/\/persmaskin.se\/?page_id=406","title":{"rendered":"Maskiner"},"content":{"rendered":"\n<p>Vi hj\u00e4lper dig med det mesta inom anl\u00e4ggning, gr\u00f6nytesk\u00f6tsel och v\u00e4gh\u00e5llning.<\/p>\n\n\n\n<div class=\"wp-block-glsb-gosign-gallery-box-block gosign-gallery-box-block-container\"><div class=\"gosign-gallery-box-block\" data-slick=\"{&quot;slidesToShow&quot;:1,&quot;slidesToScroll&quot;:1,&quot;arrows&quot;:true,&quot;dots&quot;:true,&quot;speed&quot;:500,&quot;infinite&quot;:true,&quot;autoplay&quot;:false,&quot;autoplaySpeed&quot;:2000}\"><div class=\"gallery-box-item\"><img loading=\"lazy\" decoding=\"async\" width=\"1024\" height=\"1024\" src=\"https:\/\/persmaskin.se\/wp-content\/uploads\/2022\/09\/Gravmaskin-min-1024x1024.jpg\" alt=\"Gr\u00e4vmaskin\" data-id=\"466\" data-link=\"https:\/\/persmaskin.se\/?attachment_id=466\" class=\"wp-image-466\" srcset=\"https:\/\/persmaskin.se\/wp-content\/uploads\/2022\/09\/Gravmaskin-min-1024x1024.jpg 1024w, https:\/\/persmaskin.se\/wp-content\/uploads\/2022\/09\/Gravmaskin-min-300x300.jpg 300w, https:\/\/persmaskin.se\/wp-content\/uploads\/2022\/09\/Gravmaskin-min-150x150.jpg 150w, https:\/\/persmaskin.se\/wp-content\/uploads\/2022\/09\/Gravmaskin-min-768x768.jpg 768w, https:\/\/persmaskin.se\/wp-content\/uploads\/2022\/09\/Gravmaskin-min-1536x1536.jpg 1536w, https:\/\/persmaskin.se\/wp-content\/uploads\/2022\/09\/Gravmaskin-min-2048x2048.jpg 2048w\" sizes=\"auto, (max-width: 1024px) 100vw, 1024px\" \/><\/div><div class=\"gallery-box-item\"><img loading=\"lazy\" decoding=\"async\" width=\"768\" height=\"1024\" src=\"https:\/\/persmaskin.se\/wp-content\/uploads\/2022\/09\/Hjulgravare-min-768x1024.jpg\" alt=\"Hjulgr\u00e4vare\" data-id=\"465\" data-link=\"https:\/\/persmaskin.se\/?attachment_id=465\" class=\"wp-image-465\" srcset=\"https:\/\/persmaskin.se\/wp-content\/uploads\/2022\/09\/Hjulgravare-min-768x1024.jpg 768w, https:\/\/persmaskin.se\/wp-content\/uploads\/2022\/09\/Hjulgravare-min-225x300.jpg 225w, https:\/\/persmaskin.se\/wp-content\/uploads\/2022\/09\/Hjulgravare-min-1152x1536.jpg 1152w, https:\/\/persmaskin.se\/wp-content\/uploads\/2022\/09\/Hjulgravare-min-1536x2048.jpg 1536w, https:\/\/persmaskin.se\/wp-content\/uploads\/2022\/09\/Hjulgravare-min-scaled.jpg 1920w\" sizes=\"auto, (max-width: 768px) 100vw, 768px\" \/><\/div><div class=\"gallery-box-item\"><img loading=\"lazy\" decoding=\"async\" width=\"1024\" height=\"576\" src=\"https:\/\/persmaskin.se\/wp-content\/uploads\/2022\/09\/Skogskarra-min-1024x576.jpg\" alt=\"Skogsk\u00e4rra\" data-id=\"464\" data-link=\"https:\/\/persmaskin.se\/?attachment_id=464\" class=\"wp-image-464\" srcset=\"https:\/\/persmaskin.se\/wp-content\/uploads\/2022\/09\/Skogskarra-min-1024x576.jpg 1024w, https:\/\/persmaskin.se\/wp-content\/uploads\/2022\/09\/Skogskarra-min-300x169.jpg 300w, https:\/\/persmaskin.se\/wp-content\/uploads\/2022\/09\/Skogskarra-min-768x432.jpg 768w, https:\/\/persmaskin.se\/wp-content\/uploads\/2022\/09\/Skogskarra-min.jpg 1170w\" sizes=\"auto, (max-width: 1024px) 100vw, 1024px\" \/><\/div><div class=\"gallery-box-item\"><img loading=\"lazy\" decoding=\"async\" width=\"1024\" height=\"1024\" src=\"https:\/\/persmaskin.se\/wp-content\/uploads\/2022\/09\/Liten-gravmaskin-min-1024x1024.jpg\" alt=\"Gr\u00e4vmaskin\" data-id=\"463\" data-link=\"https:\/\/persmaskin.se\/?attachment_id=463\" class=\"wp-image-463\" srcset=\"https:\/\/persmaskin.se\/wp-content\/uploads\/2022\/09\/Liten-gravmaskin-min-1024x1024.jpg 1024w, https:\/\/persmaskin.se\/wp-content\/uploads\/2022\/09\/Liten-gravmaskin-min-300x300.jpg 300w, https:\/\/persmaskin.se\/wp-content\/uploads\/2022\/09\/Liten-gravmaskin-min-150x150.jpg 150w, https:\/\/persmaskin.se\/wp-content\/uploads\/2022\/09\/Liten-gravmaskin-min-768x768.jpg 768w, https:\/\/persmaskin.se\/wp-content\/uploads\/2022\/09\/Liten-gravmaskin-min-1536x1536.jpg 1536w, https:\/\/persmaskin.se\/wp-content\/uploads\/2022\/09\/Liten-gravmaskin-min-2048x2048.jpg 2048w\" sizes=\"auto, (max-width: 1024px) 100vw, 1024px\" \/><\/div><div class=\"gallery-box-item\"><img loading=\"lazy\" decoding=\"async\" width=\"720\" height=\"960\" src=\"https:\/\/persmaskin.se\/wp-content\/uploads\/2022\/09\/Snoplogar-min.jpg\" alt=\"Sn\u00f6plogar\" data-id=\"462\" data-link=\"https:\/\/persmaskin.se\/?attachment_id=462\" class=\"wp-image-462\" srcset=\"https:\/\/persmaskin.se\/wp-content\/uploads\/2022\/09\/Snoplogar-min.jpg 720w, https:\/\/persmaskin.se\/wp-content\/uploads\/2022\/09\/Snoplogar-min-225x300.jpg 225w\" sizes=\"auto, (max-width: 720px) 100vw, 720px\" \/><\/div><div class=\"gallery-box-item\"><img loading=\"lazy\" decoding=\"async\" width=\"1024\" height=\"597\" src=\"https:\/\/persmaskin.se\/wp-content\/uploads\/2022\/09\/Vagsladd-min-1024x597.jpg\" alt=\"V\u00e4gsladd\" data-id=\"461\" data-link=\"https:\/\/persmaskin.se\/?attachment_id=461\" class=\"wp-image-461\" srcset=\"https:\/\/persmaskin.se\/wp-content\/uploads\/2022\/09\/Vagsladd-min-1024x597.jpg 1024w, https:\/\/persmaskin.se\/wp-content\/uploads\/2022\/09\/Vagsladd-min-300x175.jpg 300w, https:\/\/persmaskin.se\/wp-content\/uploads\/2022\/09\/Vagsladd-min-768x447.jpg 768w, https:\/\/persmaskin.se\/wp-content\/uploads\/2022\/09\/Vagsladd-min.jpg 1119w\" sizes=\"auto, (max-width: 1024px) 100vw, 1024px\" \/><\/div><div class=\"gallery-box-item\"><img loading=\"lazy\" decoding=\"async\" width=\"1024\" height=\"1024\" src=\"https:\/\/persmaskin.se\/wp-content\/uploads\/2022\/09\/Sopmaskin-min-1024x1024.jpg\" alt=\"Sopmaskin\" data-id=\"460\" data-link=\"https:\/\/persmaskin.se\/?attachment_id=460\" class=\"wp-image-460\" srcset=\"https:\/\/persmaskin.se\/wp-content\/uploads\/2022\/09\/Sopmaskin-min-1024x1024.jpg 1024w, https:\/\/persmaskin.se\/wp-content\/uploads\/2022\/09\/Sopmaskin-min-300x300.jpg 300w, https:\/\/persmaskin.se\/wp-content\/uploads\/2022\/09\/Sopmaskin-min-150x150.jpg 150w, https:\/\/persmaskin.se\/wp-content\/uploads\/2022\/09\/Sopmaskin-min-768x768.jpg 768w, https:\/\/persmaskin.se\/wp-content\/uploads\/2022\/09\/Sopmaskin-min-1536x1536.jpg 1536w, https:\/\/persmaskin.se\/wp-content\/uploads\/2022\/09\/Sopmaskin-min-2048x2048.jpg 2048w\" sizes=\"auto, (max-width: 1024px) 100vw, 1024px\" \/><\/div><\/div><div class=\"gosign-gallery-box-thumbnail\" data-slick=\"{&quot;slidesToShow&quot;:3,&quot;slidesToScroll&quot;:1,&quot;arrows&quot;:true,&quot;dots&quot;:false,&quot;infinite&quot;:true,&quot;autoplay&quot;:false,&quot;autoplaySpeed&quot;:2000,&quot;asNavFor&quot;:&quot;.gosign-gallery-box-block&quot;,&quot;focusOnSelect&quot;:true,&quot;variableWidth&quot;:true}\"><div class=\"gallery-thumbnail-item\"><img loading=\"lazy\" decoding=\"async\" width=\"1024\" height=\"1024\" src=\"https:\/\/persmaskin.se\/wp-content\/uploads\/2022\/09\/Gravmaskin-min-1024x1024.jpg\" alt=\"Gr\u00e4vmaskin\" data-id=\"466\" data-link=\"https:\/\/persmaskin.se\/?attachment_id=466\" class=\"wp-image-466\" srcset=\"https:\/\/persmaskin.se\/wp-content\/uploads\/2022\/09\/Gravmaskin-min-1024x1024.jpg 1024w, https:\/\/persmaskin.se\/wp-content\/uploads\/2022\/09\/Gravmaskin-min-300x300.jpg 300w, https:\/\/persmaskin.se\/wp-content\/uploads\/2022\/09\/Gravmaskin-min-150x150.jpg 150w, https:\/\/persmaskin.se\/wp-content\/uploads\/2022\/09\/Gravmaskin-min-768x768.jpg 768w, https:\/\/persmaskin.se\/wp-content\/uploads\/2022\/09\/Gravmaskin-min-1536x1536.jpg 1536w, https:\/\/persmaskin.se\/wp-content\/uploads\/2022\/09\/Gravmaskin-min-2048x2048.jpg 2048w\" sizes=\"auto, (max-width: 1024px) 100vw, 1024px\" \/><\/div><div class=\"gallery-thumbnail-item\"><img loading=\"lazy\" decoding=\"async\" width=\"768\" height=\"1024\" src=\"https:\/\/persmaskin.se\/wp-content\/uploads\/2022\/09\/Hjulgravare-min-768x1024.jpg\" alt=\"Hjulgr\u00e4vare\" data-id=\"465\" data-link=\"https:\/\/persmaskin.se\/?attachment_id=465\" class=\"wp-image-465\" srcset=\"https:\/\/persmaskin.se\/wp-content\/uploads\/2022\/09\/Hjulgravare-min-768x1024.jpg 768w, https:\/\/persmaskin.se\/wp-content\/uploads\/2022\/09\/Hjulgravare-min-225x300.jpg 225w, https:\/\/persmaskin.se\/wp-content\/uploads\/2022\/09\/Hjulgravare-min-1152x1536.jpg 1152w, https:\/\/persmaskin.se\/wp-content\/uploads\/2022\/09\/Hjulgravare-min-1536x2048.jpg 1536w, https:\/\/persmaskin.se\/wp-content\/uploads\/2022\/09\/Hjulgravare-min-scaled.jpg 1920w\" sizes=\"auto, (max-width: 768px) 100vw, 768px\" \/><\/div><div class=\"gallery-thumbnail-item\"><img loading=\"lazy\" decoding=\"async\" width=\"1024\" height=\"576\" src=\"https:\/\/persmaskin.se\/wp-content\/uploads\/2022\/09\/Skogskarra-min-1024x576.jpg\" alt=\"Skogsk\u00e4rra\" data-id=\"464\" data-link=\"https:\/\/persmaskin.se\/?attachment_id=464\" class=\"wp-image-464\" srcset=\"https:\/\/persmaskin.se\/wp-content\/uploads\/2022\/09\/Skogskarra-min-1024x576.jpg 1024w, https:\/\/persmaskin.se\/wp-content\/uploads\/2022\/09\/Skogskarra-min-300x169.jpg 300w, https:\/\/persmaskin.se\/wp-content\/uploads\/2022\/09\/Skogskarra-min-768x432.jpg 768w, https:\/\/persmaskin.se\/wp-content\/uploads\/2022\/09\/Skogskarra-min.jpg 1170w\" sizes=\"auto, (max-width: 1024px) 100vw, 1024px\" \/><\/div><div class=\"gallery-thumbnail-item\"><img loading=\"lazy\" decoding=\"async\" width=\"1024\" height=\"1024\" src=\"https:\/\/persmaskin.se\/wp-content\/uploads\/2022\/09\/Liten-gravmaskin-min-1024x1024.jpg\" alt=\"Gr\u00e4vmaskin\" data-id=\"463\" data-link=\"https:\/\/persmaskin.se\/?attachment_id=463\" class=\"wp-image-463\" srcset=\"https:\/\/persmaskin.se\/wp-content\/uploads\/2022\/09\/Liten-gravmaskin-min-1024x1024.jpg 1024w, https:\/\/persmaskin.se\/wp-content\/uploads\/2022\/09\/Liten-gravmaskin-min-300x300.jpg 300w, https:\/\/persmaskin.se\/wp-content\/uploads\/2022\/09\/Liten-gravmaskin-min-150x150.jpg 150w, https:\/\/persmaskin.se\/wp-content\/uploads\/2022\/09\/Liten-gravmaskin-min-768x768.jpg 768w, https:\/\/persmaskin.se\/wp-content\/uploads\/2022\/09\/Liten-gravmaskin-min-1536x1536.jpg 1536w, https:\/\/persmaskin.se\/wp-content\/uploads\/2022\/09\/Liten-gravmaskin-min-2048x2048.jpg 2048w\" sizes=\"auto, (max-width: 1024px) 100vw, 1024px\" \/><\/div><div class=\"gallery-thumbnail-item\"><img loading=\"lazy\" decoding=\"async\" width=\"720\" height=\"960\" src=\"https:\/\/persmaskin.se\/wp-content\/uploads\/2022\/09\/Snoplogar-min.jpg\" alt=\"Sn\u00f6plogar\" data-id=\"462\" data-link=\"https:\/\/persmaskin.se\/?attachment_id=462\" class=\"wp-image-462\" srcset=\"https:\/\/persmaskin.se\/wp-content\/uploads\/2022\/09\/Snoplogar-min.jpg 720w, https:\/\/persmaskin.se\/wp-content\/uploads\/2022\/09\/Snoplogar-min-225x300.jpg 225w\" sizes=\"auto, (max-width: 720px) 100vw, 720px\" \/><\/div><div class=\"gallery-thumbnail-item\"><img loading=\"lazy\" decoding=\"async\" width=\"1024\" height=\"597\" src=\"https:\/\/persmaskin.se\/wp-content\/uploads\/2022\/09\/Vagsladd-min-1024x597.jpg\" alt=\"V\u00e4gsladd\" data-id=\"461\" data-link=\"https:\/\/persmaskin.se\/?attachment_id=461\" class=\"wp-image-461\" srcset=\"https:\/\/persmaskin.se\/wp-content\/uploads\/2022\/09\/Vagsladd-min-1024x597.jpg 1024w, https:\/\/persmaskin.se\/wp-content\/uploads\/2022\/09\/Vagsladd-min-300x175.jpg 300w, https:\/\/persmaskin.se\/wp-content\/uploads\/2022\/09\/Vagsladd-min-768x447.jpg 768w, https:\/\/persmaskin.se\/wp-content\/uploads\/2022\/09\/Vagsladd-min.jpg 1119w\" sizes=\"auto, (max-width: 1024px) 100vw, 1024px\" \/><\/div><div class=\"gallery-thumbnail-item\"><img loading=\"lazy\" decoding=\"async\" width=\"1024\" height=\"1024\" src=\"https:\/\/persmaskin.se\/wp-content\/uploads\/2022\/09\/Sopmaskin-min-1024x1024.jpg\" alt=\"Sopmaskin\" data-id=\"460\" data-link=\"https:\/\/persmaskin.se\/?attachment_id=460\" class=\"wp-image-460\" srcset=\"https:\/\/persmaskin.se\/wp-content\/uploads\/2022\/09\/Sopmaskin-min-1024x1024.jpg 1024w, https:\/\/persmaskin.se\/wp-content\/uploads\/2022\/09\/Sopmaskin-min-300x300.jpg 300w, https:\/\/persmaskin.se\/wp-content\/uploads\/2022\/09\/Sopmaskin-min-150x150.jpg 150w, https:\/\/persmaskin.se\/wp-content\/uploads\/2022\/09\/Sopmaskin-min-768x768.jpg 768w, https:\/\/persmaskin.se\/wp-content\/uploads\/2022\/09\/Sopmaskin-min-1536x1536.jpg 1536w, https:\/\/persmaskin.se\/wp-content\/uploads\/2022\/09\/Sopmaskin-min-2048x2048.jpg 2048w\" sizes=\"auto, (max-width: 1024px) 100vw, 1024px\" \/><\/div><\/div><\/div>\n","protected":false},"excerpt":{"rendered":"<p>Vi hj\u00e4lper dig med det mesta inom anl\u00e4ggning, gr\u00f6nytesk\u00f6tsel och v\u00e4gh\u00e5llning.<\/p>\n","protected":false},"author":4,"featured_media":0,"parent":0,"menu_order":0,"comment_status":"closed","ping_status":"closed","template":"","meta":{"neve_meta_sidebar":"","neve_meta_container":"","neve_meta_enable_content_width":"","neve_meta_content_width":0,"neve_meta_title_alignment":"","neve_meta_author_avatar":"","neve_post_elements_order":"","neve_meta_disable_header":"","neve_meta_disable_footer":"","neve_meta_disable_title":"","footnotes":""},"class_list":["post-406","page","type-page","status-publish","hentry"],"_links":{"self":[{"href":"https:\/\/persmaskin.se\/index.php?rest_route=\/wp\/v2\/pages\/406","targetHints":{"allow":["GET"]}}],"collection":[{"href":"https:\/\/persmaskin.se\/index.php?rest_route=\/wp\/v2\/pages"}],"about":[{"href":"https:\/\/persmaskin.se\/index.php?rest_route=\/wp\/v2\/types\/page"}],"author":[{"embeddable":true,"href":"https:\/\/persmaskin.se\/index.php?rest_route=\/wp\/v2\/users\/4"}],"replies":[{"embeddable":true,"href":"https:\/\/persmaskin.se\/index.php?rest_route=%2Fwp%2Fv2%2Fcomments&post=406"}],"version-history":[{"count":13,"href":"https:\/\/persmaskin.se\/index.php?rest_route=\/wp\/v2\/pages\/406\/revisions"}],"predecessor-version":[{"id":482,"href":"https:\/\/persmaskin.se\/index.php?rest_route=\/wp\/v2\/pages\/406\/revisions\/482"}],"wp:attachment":[{"href":"https:\/\/persmaskin.se\/index.php?rest_route=%2Fwp%2Fv2%2Fmedia&parent=406"}],"curies":[{"name":"wp","href":"https:\/\/api.w.org\/{rel}","templated":true}]}}