{"id":29,"date":"2022-04-05T12:16:30","date_gmt":"2022-04-05T10:16:30","guid":{"rendered":"https:\/\/persmaskin.se\/?page_id=29"},"modified":"2022-10-20T13:48:33","modified_gmt":"2022-10-20T11:48:33","slug":"contact","status":"publish","type":"page","link":"https:\/\/persmaskin.se\/?page_id=29","title":{"rendered":"Kontakta oss!"},"content":{"rendered":"\n<div class=\"wp-block-cover alignfull\" style=\"min-height:420px;aspect-ratio:unset;\"><span aria-hidden=\"true\" class=\"wp-block-cover__background has-nv-site-bg-background-color has-background-dim-100 has-background-dim\"><\/span><div class=\"wp-block-cover__inner-container is-layout-flow wp-block-cover-is-layout-flow\">\n<div style=\"height:50px\" aria-hidden=\"true\" class=\"wp-block-spacer\"><\/div>\n\n\n\n<div class=\"wp-block-columns has-nv-site-bg-background-color has-background is-layout-flex wp-container-core-columns-is-layout-9d6595d7 wp-block-columns-is-layout-flex\">\n<div class=\"wp-block-column has-nv-site-bg-background-color has-background is-layout-flow wp-block-column-is-layout-flow\"><div class=\"wp-block-image icon-style is-style-rounded\">\n<figure class=\"aligncenter is-resized\"><img loading=\"lazy\" decoding=\"async\" src=\"https:\/\/persmaskin.se\/wp-content\/themes\/neve\/assets\/img\/starter-content\/icon-05.svg\" alt=\"\" width=\"48\" height=\"48\"\/><\/figure>\n<\/div>\n\n\n<h3 class=\"has-text-align-center has-neve-text-color-color has-text-color wp-block-heading\">Telefon<\/h3>\n\n\n\n<p class=\"has-text-align-center has-neve-text-color-color has-text-color\" style=\"font-size:15px\"><a href=\"tel:+46513650100\">0513-650 100<\/a><\/p>\n<\/div>\n\n\n\n<div class=\"wp-block-column is-layout-flow wp-block-column-is-layout-flow\"><div class=\"wp-block-image icon-style is-style-rounded\">\n<figure class=\"aligncenter is-resized\"><img loading=\"lazy\" decoding=\"async\" src=\"https:\/\/persmaskin.se\/wp-content\/themes\/neve\/assets\/img\/starter-content\/icon-06.svg\" alt=\"\" width=\"48\" height=\"48\"\/><\/figure>\n<\/div>\n\n\n<h3 class=\"has-text-align-center has-neve-text-color-color has-text-color wp-block-heading\">E-mail<\/h3>\n\n\n\n<p class=\"has-text-align-center has-neve-text-color-color has-text-color\" style=\"font-size:15px\"><a href=\"mailto:info@persmaskin.se\">info@persmaskin.se<\/a><\/p>\n<\/div>\n\n\n\n<div class=\"wp-block-column has-nv-site-bg-background-color has-background is-layout-flow wp-block-column-is-layout-flow\"><div class=\"wp-block-image icon-style is-style-rounded\">\n<figure class=\"aligncenter is-resized\"><img loading=\"lazy\" decoding=\"async\" src=\"https:\/\/persmaskin.se\/wp-content\/themes\/neve\/assets\/img\/starter-content\/icon-04.svg\" alt=\"\" width=\"48\" height=\"48\"\/><\/figure>\n<\/div>\n\n\n<h3 class=\"has-text-align-center has-neve-text-color-color has-text-color wp-block-heading\">Kontor &amp; verkstad<\/h3>\n\n\n\n<p class=\"has-text-align-center has-neve-text-color-color has-text-color\" style=\"font-size:15px\">Mariedalsgatan 6, 524 31 Herrljunga<\/p>\n<\/div>\n<\/div>\n<\/div><\/div>\n\n\n\n<div class=\"wp-block-cover alignfull\" style=\"min-height:300px;aspect-ratio:unset;\"><span aria-hidden=\"true\" class=\"wp-block-cover__background has-nv-site-bg-background-color has-background-dim-100 has-background-dim\"><\/span><div class=\"wp-block-cover__inner-container is-layout-flow wp-block-cover-is-layout-flow\">\n<div class=\"wp-block-group\"><div class=\"wp-block-group__inner-container is-layout-flow wp-block-group-is-layout-flow\">\n<div style=\"height:40px\" aria-hidden=\"true\" class=\"wp-block-spacer\"><\/div>\n\n\n\n<h2 class=\"has-neve-link-color-color has-text-color wp-block-heading\">Projekt<\/h2>\n\n\n\n<p class=\"has-neve-link-color-color has-text-color\">Vill du best\u00e4lla ett jobb eller har du fr\u00e5gor om n\u00e5got av v\u00e5ra p\u00e5g\u00e5ende projekt? H\u00f6r av dig till Per eller Christian!<\/p>\n\n\n\n<div class=\"wp-block-columns is-layout-flex wp-container-core-columns-is-layout-9d6595d7 wp-block-columns-is-layout-flex\">\n<div class=\"wp-block-column is-layout-flow wp-block-column-is-layout-flow\">\n<p class=\"has-neve-link-color-color has-neve-link-hover-color-background-color has-text-color has-background\">Per Palm\u00e9n<br><a href=\"mailto:per@persmaskin.se\">per@persmaskin.se<\/a><br><a href=\"tel:+46513650101\">0513-650 101<\/a><\/p>\n<\/div>\n\n\n\n<div class=\"wp-block-column is-layout-flow wp-block-column-is-layout-flow\">\n<p class=\"has-neve-link-color-color has-neve-link-hover-color-background-color has-text-color has-background\">Christian Reimer<br><a href=\"mailto:christian@persmaskin.se\">christian@persmaskin.se<\/a><br><a href=\"tel:+46513650102\">0513-650 102<\/a><\/p>\n<\/div>\n<\/div>\n\n\n\n<h2 class=\"has-neve-link-color-color has-text-color wp-block-heading\">Ekonomi<\/h2>\n\n\n\n<p class=\"has-neve-link-color-color has-neve-link-hover-color-background-color has-text-color has-background\">Karin Palm\u00e9n<br><a href=\"mailto:karin@persmaskin.se\">karin@persmaskin.se<br><\/a><a href=\"tel:+46513650103\">0513-650 103<\/a><\/p>\n\n\n\n<h2 class=\"has-neve-link-color-color has-text-color wp-block-heading\">Fakturaadress<\/h2>\n\n\n\n<p class=\"has-neve-link-color-color has-neve-link-hover-color-background-color has-text-color has-background\"><a href=\"mailto:faktura@persmaskin.se\">faktura@persmaskin.se<\/a><br>Mariedalsgatan 6<br>524 31 Herrljunga<\/p>\n<\/div><\/div>\n<\/div><\/div>\n\n\n\n<div class=\"wp-block-cover alignfull\" style=\"min-height:600px;aspect-ratio:unset;\"><span aria-hidden=\"true\" class=\"wp-block-cover__background has-nv-dark-bg-background-color has-background-dim-100 has-background-dim\"><\/span><div class=\"wp-block-cover__inner-container is-layout-flow wp-block-cover-is-layout-flow\">\n<div style=\"height:100px\" aria-hidden=\"true\" class=\"wp-block-spacer\"><\/div>\n\n\n\n<h2 class=\"has-nv-text-dark-bg-color has-text-color wp-block-heading\">Hitta till oss<\/h2>\n\n\n\n<p class=\"has-white-color has-text-color\">V\u00e5rt kontor och v\u00e5r verkstad hittar du p\u00e5 Mariedalsgatan 6 i Herrljunga. V\u00e4lkommen!<\/p>\n\n\n\n<iframe src=\"https:\/\/www.google.com\/maps\/embed?pb=!1m18!1m12!1m3!1d1044.0379438536286!2d13.029037735312073!3d58.079533637633546!2m3!1f0!2f0!3f0!3m2!1i1024!2i768!4f13.1!3m3!1m2!1s0x465ac0ab8c4f2479%3A0x36b53ca9caf8dfb!2sPer%20Palm%C3%A9ns%20Maskinservice!5e1!3m2!1ssv!2sse!4v1649156038268!5m2!1ssv!2sse\" width=\"600\" height=\"450\" style=\"border:0;\" allowfullscreen=\"\" loading=\"lazy\" referrerpolicy=\"no-referrer-when-downgrade\"><\/iframe>\n<\/div><\/div>\n","protected":false},"excerpt":{"rendered":"","protected":false},"author":4,"featured_media":0,"parent":0,"menu_order":0,"comment_status":"closed","ping_status":"closed","template":"","meta":{"neve_meta_sidebar":"","neve_meta_container":"","neve_meta_enable_content_width":"on","neve_meta_content_width":100,"neve_meta_title_alignment":"left","neve_meta_author_avatar":"","neve_post_elements_order":"","neve_meta_disable_header":"off","neve_meta_disable_footer":"","neve_meta_disable_title":"off","footnotes":""},"class_list":["post-29","page","type-page","status-publish","hentry"],"_links":{"self":[{"href":"https:\/\/persmaskin.se\/index.php?rest_route=\/wp\/v2\/pages\/29","targetHints":{"allow":["GET"]}}],"collection":[{"href":"https:\/\/persmaskin.se\/index.php?rest_route=\/wp\/v2\/pages"}],"about":[{"href":"https:\/\/persmaskin.se\/index.php?rest_route=\/wp\/v2\/types\/page"}],"author":[{"embeddable":true,"href":"https:\/\/persmaskin.se\/index.php?rest_route=\/wp\/v2\/users\/4"}],"replies":[{"embeddable":true,"href":"https:\/\/persmaskin.se\/index.php?rest_route=%2Fwp%2Fv2%2Fcomments&post=29"}],"version-history":[{"count":21,"href":"https:\/\/persmaskin.se\/index.php?rest_route=\/wp\/v2\/pages\/29\/revisions"}],"predecessor-version":[{"id":507,"href":"https:\/\/persmaskin.se\/index.php?rest_route=\/wp\/v2\/pages\/29\/revisions\/507"}],"wp:attachment":[{"href":"https:\/\/persmaskin.se\/index.php?rest_route=%2Fwp%2Fv2%2Fmedia&parent=29"}],"curies":[{"name":"wp","href":"https:\/\/api.w.org\/{rel}","templated":true}]}}