{"id":27,"date":"2022-04-05T12:16:30","date_gmt":"2022-04-05T10:16:30","guid":{"rendered":"https:\/\/persmaskin.se\/?page_id=27"},"modified":"2022-10-20T13:19:52","modified_gmt":"2022-10-20T11:19:52","slug":"hem","status":"publish","type":"page","link":"https:\/\/persmaskin.se\/","title":{"rendered":"Hem"},"content":{"rendered":"\n<div class=\"wp-block-cover alignfull is-light has-custom-content-position is-position-top-center\"><span aria-hidden=\"true\" class=\"wp-block-cover__background has-nv-site-bg-background-color has-background-dim-0 has-background-dim\"><\/span><img loading=\"lazy\" decoding=\"async\" width=\"1000\" height=\"668\" class=\"wp-block-cover__image-background wp-image-445\" alt=\"\" src=\"https:\/\/persmaskin.se\/wp-content\/uploads\/2022\/08\/AdobeStock_113298116_Preview.jpeg\" style=\"object-position:50% 0%\" data-object-fit=\"cover\" data-object-position=\"50% 0%\" srcset=\"https:\/\/persmaskin.se\/wp-content\/uploads\/2022\/08\/AdobeStock_113298116_Preview.jpeg 1000w, https:\/\/persmaskin.se\/wp-content\/uploads\/2022\/08\/AdobeStock_113298116_Preview-300x200.jpeg 300w, https:\/\/persmaskin.se\/wp-content\/uploads\/2022\/08\/AdobeStock_113298116_Preview-768x513.jpeg 768w, https:\/\/persmaskin.se\/wp-content\/uploads\/2022\/08\/AdobeStock_113298116_Preview-930x620.jpeg 930w\" sizes=\"auto, (max-width: 1000px) 100vw, 1000px\" \/><div class=\"wp-block-cover__inner-container is-layout-flow wp-block-cover-is-layout-flow\">\n<div style=\"height:100px\" aria-hidden=\"true\" class=\"wp-block-spacer\"><\/div>\n\n\n\n<div class=\"wp-block-group has-background\" style=\"background-color:#ffffffa1\"><div class=\"wp-block-group__inner-container is-layout-flow wp-block-group-is-layout-flow\">\n<div style=\"height:30px\" aria-hidden=\"true\" class=\"wp-block-spacer\"><\/div>\n\n\n\n<h1 class=\"alignfull has-text-align-center has-text-color wp-block-heading\" style=\"color:#121212\">Vi h\u00e5ller snyggt<br>i Herrljunga!<\/h1>\n\n\n\n<p class=\"has-text-align-center has-text-color has-background\" style=\"background-color:#00000000;color:#121212;font-size:17px\"><strong>Per&#8217;s Maskin \u00e4r hela Herrljungas maskinfirma. V\u00e5ra traktorer och gr\u00e4vmaskiner rullar st\u00e4ndigt runt i kommunen, p\u00e5 v\u00e4g mellan gr\u00e4varbete, gr\u00f6nytesk\u00f6tsel, sn\u00f6r\u00f6jning eller gatusopning.<\/strong><\/p>\n\n\n\n<div class=\"wp-block-buttons is-content-justification-center is-layout-flex wp-container-core-buttons-is-layout-16018d1d wp-block-buttons-is-layout-flex\">\n<div class=\"wp-block-button is-style-primary\"><a class=\"wp-block-button__link\" href=\"https:\/\/persmaskin.se\/?page_id=29\">Kontakta oss<\/a><\/div>\n\n\n\n<div class=\"wp-block-button is-style-secondary\"><a class=\"wp-block-button__link\" href=\"https:\/\/persmaskin.se\/?page_id=406\" target=\"_blank\" rel=\"noreferrer noopener\">Se v\u00e5ra maskiner<\/a><\/div>\n<\/div>\n\n\n\n<div style=\"height:20px\" aria-hidden=\"true\" class=\"wp-block-spacer\"><\/div>\n<\/div><\/div>\n\n\n\n<div style=\"height:100px\" aria-hidden=\"true\" class=\"wp-block-spacer\"><\/div>\n<\/div><\/div>\n\n\n\n<div style=\"height:80px\" aria-hidden=\"true\" class=\"wp-block-spacer\"><\/div>\n\n\n\n<div class=\"wp-block-columns is-layout-flex wp-container-core-columns-is-layout-9d6595d7 wp-block-columns-is-layout-flex\">\n<div class=\"wp-block-column is-layout-flow wp-block-column-is-layout-flow\"><div class=\"wp-block-image icon-style is-style-default\">\n<figure class=\"aligncenter is-resized\"><img loading=\"lazy\" decoding=\"async\" src=\"https:\/\/persmaskin.se\/wp-content\/themes\/neve\/assets\/img\/starter-content\/icon-03.svg\" alt=\"\" width=\"48\" height=\"48\"\/><\/figure>\n<\/div>\n\n\n<h3 class=\"has-text-align-center has-neve-text-color-color has-text-color wp-block-heading\">Markarbeten<\/h3>\n\n\n\n<p class=\"has-text-align-center\">Beh\u00f6ver du gr\u00e4vning eller andra typer av markarbeten? Vi skryter g\u00e4rna om v\u00e5ra duktiga f\u00f6rare!<\/p>\n\n\n\n<div style=\"height:20px\" aria-hidden=\"true\" class=\"wp-block-spacer\"><\/div>\n<\/div>\n\n\n\n<div class=\"wp-block-column is-layout-flow wp-block-column-is-layout-flow\"><div class=\"wp-block-image icon-style is-style-default\">\n<figure class=\"aligncenter is-resized\"><img loading=\"lazy\" decoding=\"async\" src=\"https:\/\/persmaskin.se\/wp-content\/themes\/neve\/assets\/img\/starter-content\/icon-02.svg\" alt=\"\" width=\"48\" height=\"48\"\/><\/figure>\n<\/div>\n\n\n<h3 class=\"has-text-align-center has-neve-text-color-color has-text-color wp-block-heading\">V\u00e4gsk\u00f6tsel<\/h3>\n\n\n\n<p class=\"has-text-align-center\">Ta hj\u00e4lp med hela din v\u00e4gsk\u00f6tsel. Vi fixar alla fr\u00e5n plogning, sandning och sopning till skrapning, dikning och sl\u00e5tter.<\/p>\n\n\n\n<div style=\"height:20px\" aria-hidden=\"true\" class=\"wp-block-spacer\"><\/div>\n<\/div>\n\n\n\n<div class=\"wp-block-column is-layout-flow wp-block-column-is-layout-flow\"><div class=\"wp-block-image icon-style is-style-rounded\">\n<figure class=\"aligncenter is-resized\"><img loading=\"lazy\" decoding=\"async\" src=\"https:\/\/persmaskin.se\/wp-content\/themes\/neve\/assets\/img\/starter-content\/icon-01.svg\" alt=\"\" width=\"48\" height=\"48\"\/><\/figure>\n<\/div>\n\n\n<h3 class=\"has-text-align-center has-neve-text-color-color has-text-color wp-block-heading\">Gr\u00f6nyta<\/h3>\n\n\n\n<p class=\"has-text-align-center\">V\u00e4lsk\u00f6tta gr\u00e4smattor \u00e4r v\u00e5r grej! Vi klipper, trimmar och st\u00e4dar s\u00e5 att dina gr\u00f6nytor alltid \u00e4r i toppskick.<\/p>\n\n\n\n<div style=\"height:20px\" aria-hidden=\"true\" class=\"wp-block-spacer\"><\/div>\n<\/div>\n<\/div>\n\n\n\n<div style=\"height:80px\" aria-hidden=\"true\" class=\"wp-block-spacer\"><\/div>\n\n\n\n<div class=\"wp-block-cover alignfull\" style=\"min-height:600px;aspect-ratio:unset;\"><span aria-hidden=\"true\" class=\"wp-block-cover__background has-nv-dark-bg-background-color has-background-dim-100 has-background-dim\"><\/span><div class=\"wp-block-cover__inner-container is-layout-flow wp-block-cover-is-layout-flow\">\n<div class=\"wp-block-group\"><div class=\"wp-block-group__inner-container is-layout-flow wp-block-group-is-layout-flow\">\n<div style=\"height:80px\" aria-hidden=\"true\" class=\"wp-block-spacer\"><\/div>\n\n\n\n<h2 class=\"has-text-align-left has-nv-text-dark-bg-color has-text-color wp-block-heading\">Hitta till oss<\/h2>\n\n\n\n<p class=\"has-text-align-left has-nv-text-dark-bg-color has-text-color\">V\u00e5rt kontor och v\u00e5r verkstad hittar du p\u00e5 Mariedalsgatan 6 i Herrljunga. V\u00e4lkommen!<\/p>\n\n\n\n<iframe src=\"https:\/\/www.google.com\/maps\/embed?pb=!1m18!1m12!1m3!1d1044.0379438536286!2d13.029037735312073!3d58.079533637633546!2m3!1f0!2f0!3f0!3m2!1i1024!2i768!4f13.1!3m3!1m2!1s0x465ac0ab8c4f2479%3A0x36b53ca9caf8dfb!2sPer%20Palm%C3%A9ns%20Maskinservice!5e1!3m2!1ssv!2sse!4v1649156038268!5m2!1ssv!2sse\" width=\"600\" height=\"450\" style=\"border:0;\" allowfullscreen=\"\" loading=\"lazy\" referrerpolicy=\"no-referrer-when-downgrade\"><\/iframe>\n\n\n\n<div style=\"height:40px\" aria-hidden=\"true\" class=\"wp-block-spacer\"><\/div>\n<\/div><\/div>\n<\/div><\/div>\n\n\n\n<div style=\"height:40px\" aria-hidden=\"true\" class=\"wp-block-spacer\"><\/div>\n","protected":false},"excerpt":{"rendered":"<p>Markarbeten Beh\u00f6ver du gr\u00e4vning eller andra typer av markarbeten? Vi skryter g\u00e4rna om v\u00e5ra duktiga f\u00f6rare! V\u00e4gsk\u00f6tsel Ta hj\u00e4lp med hela din v\u00e4gsk\u00f6tsel. Vi fixar alla fr\u00e5n plogning, sandning och sopning till skrapning, dikning och sl\u00e5tter. Gr\u00f6nyta V\u00e4lsk\u00f6tta gr\u00e4smattor \u00e4r v\u00e5r grej! Vi klipper, trimmar och st\u00e4dar s\u00e5 att dina gr\u00f6nytor alltid \u00e4r i toppskick.<\/p>\n","protected":false},"author":4,"featured_media":0,"parent":0,"menu_order":0,"comment_status":"closed","ping_status":"closed","template":"","meta":{"neve_meta_sidebar":"","neve_meta_container":"","neve_meta_enable_content_width":"on","neve_meta_content_width":100,"neve_meta_title_alignment":"","neve_meta_author_avatar":"","neve_post_elements_order":"","neve_meta_disable_header":"","neve_meta_disable_footer":"","neve_meta_disable_title":"on","footnotes":""},"class_list":["post-27","page","type-page","status-publish","hentry"],"_links":{"self":[{"href":"https:\/\/persmaskin.se\/index.php?rest_route=\/wp\/v2\/pages\/27","targetHints":{"allow":["GET"]}}],"collection":[{"href":"https:\/\/persmaskin.se\/index.php?rest_route=\/wp\/v2\/pages"}],"about":[{"href":"https:\/\/persmaskin.se\/index.php?rest_route=\/wp\/v2\/types\/page"}],"author":[{"embeddable":true,"href":"https:\/\/persmaskin.se\/index.php?rest_route=\/wp\/v2\/users\/4"}],"replies":[{"embeddable":true,"href":"https:\/\/persmaskin.se\/index.php?rest_route=%2Fwp%2Fv2%2Fcomments&post=27"}],"version-history":[{"count":22,"href":"https:\/\/persmaskin.se\/index.php?rest_route=\/wp\/v2\/pages\/27\/revisions"}],"predecessor-version":[{"id":492,"href":"https:\/\/persmaskin.se\/index.php?rest_route=\/wp\/v2\/pages\/27\/revisions\/492"}],"wp:attachment":[{"href":"https:\/\/persmaskin.se\/index.php?rest_route=%2Fwp%2Fv2%2Fmedia&parent=27"}],"curies":[{"name":"wp","href":"https:\/\/api.w.org\/{rel}","templated":true}]}}